{"id":1264,"date":"2024-06-12T17:07:25","date_gmt":"2024-06-12T22:07:25","guid":{"rendered":"https:\/\/simposioteologia.ups.edu.ec\/?page_id=1264"},"modified":"2024-07-27T14:19:06","modified_gmt":"2024-07-27T19:19:06","slug":"plataforma-para-envio-de-trabajos","status":"publish","type":"page","link":"https:\/\/simposioteologia.ups.edu.ec\/en\/convocatoria\/plataforma-para-envio-de-trabajos\/","title":{"rendered":"Plataforma para env\u00edo de trabajos"},"content":{"rendered":"<div data-elementor-type=\"wp-page\" data-elementor-id=\"1264\" class=\"elementor elementor-1264\">\n\t\t\t\t<div class=\"elementor-element elementor-element-45da2ef e-flex e-con-boxed e-con e-parent\" data-id=\"45da2ef\" data-element_type=\"container\" data-e-type=\"container\">\n\t\t\t\t\t<div class=\"e-con-inner\">\n\t\t\t\t<div class=\"elementor-element elementor-element-65f1afe elementor-widget elementor-widget-image\" data-id=\"65f1afe\" data-element_type=\"widget\" data-e-type=\"widget\" data-widget_type=\"image.default\">\n\t\t\t\t<div class=\"elementor-widget-container\">\n\t\t\t\t\t\t\t\t\t\t\t\t\t\t\t\t<a href=\"https:\/\/easychair.org\/account2\/signin?l=408718298836734781\">\n\t\t\t\t\t\t\t<img fetchpriority=\"high\" decoding=\"async\" width=\"2061\" height=\"116\" src=\"https:\/\/simposioteologia.ups.edu.ec\/wp-content\/uploads\/sites\/14\/2024\/06\/easy-chair_Mesa-de-trabajo-1.png\" class=\"attachment-full size-full wp-image-1512\" alt=\"\" srcset=\"https:\/\/simposioteologia.ups.edu.ec\/wp-content\/uploads\/sites\/14\/2024\/06\/easy-chair_Mesa-de-trabajo-1.png 2061w, https:\/\/simposioteologia.ups.edu.ec\/wp-content\/uploads\/sites\/14\/2024\/06\/easy-chair_Mesa-de-trabajo-1-300x17.png 300w, https:\/\/simposioteologia.ups.edu.ec\/wp-content\/uploads\/sites\/14\/2024\/06\/easy-chair_Mesa-de-trabajo-1-1024x58.png 1024w, https:\/\/simposioteologia.ups.edu.ec\/wp-content\/uploads\/sites\/14\/2024\/06\/easy-chair_Mesa-de-trabajo-1-768x43.png 768w, https:\/\/simposioteologia.ups.edu.ec\/wp-content\/uploads\/sites\/14\/2024\/06\/easy-chair_Mesa-de-trabajo-1-1536x86.png 1536w, https:\/\/simposioteologia.ups.edu.ec\/wp-content\/uploads\/sites\/14\/2024\/06\/easy-chair_Mesa-de-trabajo-1-2048x115.png 2048w\" sizes=\"(max-width: 2061px) 100vw, 2061px\" \/>\t\t\t\t\t\t\t\t<\/a>\n\t\t\t\t\t\t\t\t\t\t\t\t\t\t\t<\/div>\n\t\t\t\t<\/div>\n\t\t\t\t\t<\/div>\n\t\t\t\t<\/div>\n\t\t<div class=\"elementor-element elementor-element-ff71c8c e-flex e-con-boxed e-con e-parent\" data-id=\"ff71c8c\" data-element_type=\"container\" data-e-type=\"container\">\n\t\t\t\t\t<div class=\"e-con-inner\">\n\t\t\t\t<div class=\"elementor-element elementor-element-7dadffe elementor-widget elementor-widget-text-editor\" data-id=\"7dadffe\" data-element_type=\"widget\" data-e-type=\"widget\" data-widget_type=\"text-editor.default\">\n\t\t\t\t<div class=\"elementor-widget-container\">\n\t\t\t\t\t\t\t\t\t<p><span class=\"has-inline-color has-black-color\" style=\"color: #000000\">Si eres usuario de la plataforma ingresa tus credenciales, de no ser as\u00ed, dir\u00edgete a\u00a0<strong>crear una cuenta<\/strong><\/span><\/p>\t\t\t\t\t\t\t\t<\/div>\n\t\t\t\t<\/div>\n\t\t\t\t\t<\/div>\n\t\t\t\t<\/div>\n\t\t<div class=\"elementor-element elementor-element-ea8ee38 e-flex e-con-boxed e-con e-parent\" data-id=\"ea8ee38\" data-element_type=\"container\" data-e-type=\"container\">\n\t\t\t\t\t<div class=\"e-con-inner\">\n\t\t\t\t<div class=\"elementor-element elementor-element-305f19a elementor-widget elementor-widget-image\" data-id=\"305f19a\" data-element_type=\"widget\" data-e-type=\"widget\" data-widget_type=\"image.default\">\n\t\t\t\t<div class=\"elementor-widget-container\">\n\t\t\t\t\t\t\t\t\t\t\t\t\t\t\t<img decoding=\"async\" width=\"1024\" height=\"624\" src=\"https:\/\/simposioteologia.ups.edu.ec\/wp-content\/uploads\/sites\/14\/2024\/06\/nueca-captura-easu-1024x624.jpg\" class=\"attachment-large size-large wp-image-1591\" alt=\"\" srcset=\"https:\/\/simposioteologia.ups.edu.ec\/wp-content\/uploads\/sites\/14\/2024\/06\/nueca-captura-easu-1024x624.jpg 1024w, https:\/\/simposioteologia.ups.edu.ec\/wp-content\/uploads\/sites\/14\/2024\/06\/nueca-captura-easu-300x183.jpg 300w, https:\/\/simposioteologia.ups.edu.ec\/wp-content\/uploads\/sites\/14\/2024\/06\/nueca-captura-easu-768x468.jpg 768w, https:\/\/simposioteologia.ups.edu.ec\/wp-content\/uploads\/sites\/14\/2024\/06\/nueca-captura-easu-1536x937.jpg 1536w, https:\/\/simposioteologia.ups.edu.ec\/wp-content\/uploads\/sites\/14\/2024\/06\/nueca-captura-easu-2048x1249.jpg 2048w, https:\/\/simposioteologia.ups.edu.ec\/wp-content\/uploads\/sites\/14\/2024\/06\/nueca-captura-easu-18x12.jpg 18w\" sizes=\"(max-width: 1024px) 100vw, 1024px\" \/>\t\t\t\t\t\t\t\t\t\t\t\t\t\t\t<\/div>\n\t\t\t\t<\/div>\n\t\t\t\t\t<\/div>\n\t\t\t\t<\/div>\n\t\t<div class=\"elementor-element elementor-element-202dc71 e-flex e-con-boxed e-con e-parent\" data-id=\"202dc71\" data-element_type=\"container\" data-e-type=\"container\">\n\t\t\t\t\t<div class=\"e-con-inner\">\n\t\t\t\t<div class=\"elementor-element elementor-element-2eff79f elementor-widget elementor-widget-text-editor\" data-id=\"2eff79f\" data-element_type=\"widget\" data-e-type=\"widget\" data-widget_type=\"text-editor.default\">\n\t\t\t\t<div class=\"elementor-widget-container\">\n\t\t\t\t\t\t\t\t\t<p>Cuando hayas creado tu cuenta incia sesi\u00f3n y dir\u00edgete a\u00a0<strong>Author\u00a0<\/strong>y da clic en\u00a0<strong>make a new submission<\/strong><\/p>\t\t\t\t\t\t\t\t<\/div>\n\t\t\t\t<\/div>\n\t\t\t\t\t<\/div>\n\t\t\t\t<\/div>\n\t\t<div class=\"elementor-element elementor-element-86fe6eb e-flex e-con-boxed e-con e-parent\" data-id=\"86fe6eb\" data-element_type=\"container\" data-e-type=\"container\">\n\t\t\t\t\t<div class=\"e-con-inner\">\n\t\t\t\t<div class=\"elementor-element elementor-element-cc7e32a elementor-widget elementor-widget-image\" data-id=\"cc7e32a\" data-element_type=\"widget\" data-e-type=\"widget\" data-widget_type=\"image.default\">\n\t\t\t\t<div class=\"elementor-widget-container\">\n\t\t\t\t\t\t\t\t\t\t\t\t\t\t\t<img decoding=\"async\" width=\"1024\" height=\"357\" src=\"https:\/\/simposioteologia.ups.edu.ec\/wp-content\/uploads\/sites\/14\/2024\/07\/tekahsfk-1024x357.png\" class=\"attachment-large size-large wp-image-1627\" alt=\"\" srcset=\"https:\/\/simposioteologia.ups.edu.ec\/wp-content\/uploads\/sites\/14\/2024\/07\/tekahsfk-1024x357.png 1024w, https:\/\/simposioteologia.ups.edu.ec\/wp-content\/uploads\/sites\/14\/2024\/07\/tekahsfk-300x105.png 300w, https:\/\/simposioteologia.ups.edu.ec\/wp-content\/uploads\/sites\/14\/2024\/07\/tekahsfk-768x268.png 768w, https:\/\/simposioteologia.ups.edu.ec\/wp-content\/uploads\/sites\/14\/2024\/07\/tekahsfk-1536x535.png 1536w, https:\/\/simposioteologia.ups.edu.ec\/wp-content\/uploads\/sites\/14\/2024\/07\/tekahsfk-2048x714.png 2048w, https:\/\/simposioteologia.ups.edu.ec\/wp-content\/uploads\/sites\/14\/2024\/07\/tekahsfk-18x6.png 18w\" sizes=\"(max-width: 1024px) 100vw, 1024px\" \/>\t\t\t\t\t\t\t\t\t\t\t\t\t\t\t<\/div>\n\t\t\t\t<\/div>\n\t\t\t\t\t<\/div>\n\t\t\t\t<\/div>\n\t\t<div class=\"elementor-element elementor-element-d27db86 e-flex e-con-boxed e-con e-parent\" data-id=\"d27db86\" data-element_type=\"container\" data-e-type=\"container\">\n\t\t\t\t\t<div class=\"e-con-inner\">\n\t\t\t\t<div class=\"elementor-element elementor-element-865431c elementor-widget elementor-widget-text-editor\" data-id=\"865431c\" data-element_type=\"widget\" data-e-type=\"widget\" data-widget_type=\"text-editor.default\">\n\t\t\t\t<div class=\"elementor-widget-container\">\n\t\t\t\t\t\t\t\t\t<p class=\"MsoNormal\" style=\"margin-left: 18pt;line-height: normal;background-image: initial;background-position: initial;background-size: initial;background-repeat: initial;background-attachment: initial\"><span class=\"has-inline-color\"><span lang=\"es-419\" style=\"font-family: 'Open Sans', sans-serif;color: black;background-image: initial;background-position: initial;background-size: initial;background-repeat: initial;background-attachment: initial\">Llena los datos, adjunta el documento con las especificaciones que se detallan en<\/span><\/span><span lang=\"es-419\" style=\"font-family: 'Open Sans', sans-serif;color: #777777;background-image: initial;background-position: initial;background-size: initial;background-repeat: initial;background-attachment: initial\">\u00a0<\/span><span lang=\"es-419\" style=\"color: black\"><a href=\"https:\/\/simpteologia.blog.ups.edu.ec\/wp-content\/uploads\/sites\/102\/2021\/03\/Instrucciones-para-autores.-1resumen-agregar.docx\"><span style=\"font-family: 'Open Sans', sans-serif;color: #428bca;background-image: initial;background-position: initial;background-size: initial;background-repeat: initial;background-attachment: initial\">Instrucciones para autores<\/span><\/a><\/span><\/p>\t\t\t\t\t\t\t\t<\/div>\n\t\t\t\t<\/div>\n\t\t\t\t\t<\/div>\n\t\t\t\t<\/div>\n\t\t<div class=\"elementor-element elementor-element-9a2a0f9 e-flex e-con-boxed e-con e-parent\" data-id=\"9a2a0f9\" data-element_type=\"container\" data-e-type=\"container\">\n\t\t\t\t\t<div class=\"e-con-inner\">\n\t\t\t\t<div class=\"elementor-element elementor-element-260be00 elementor-widget elementor-widget-text-editor\" data-id=\"260be00\" data-element_type=\"widget\" data-e-type=\"widget\" data-widget_type=\"text-editor.default\">\n\t\t\t\t<div class=\"elementor-widget-container\">\n\t\t\t\t\t\t\t\t\t<p>Una vez llenado todos los datos, adjunta tu trabajo en formato PDF<\/p>\t\t\t\t\t\t\t\t<\/div>\n\t\t\t\t<\/div>\n\t\t\t\t\t<\/div>\n\t\t\t\t<\/div>\n\t\t<div class=\"elementor-element elementor-element-b8cbe44 e-flex e-con-boxed e-con e-parent\" data-id=\"b8cbe44\" data-element_type=\"container\" data-e-type=\"container\">\n\t\t\t\t\t<div class=\"e-con-inner\">\n\t\t\t\t<div class=\"elementor-element elementor-element-d40ec09 elementor-widget elementor-widget-image\" data-id=\"d40ec09\" data-element_type=\"widget\" data-e-type=\"widget\" data-widget_type=\"image.default\">\n\t\t\t\t<div class=\"elementor-widget-container\">\n\t\t\t\t\t\t\t\t\t\t\t\t\t\t\t<img loading=\"lazy\" decoding=\"async\" width=\"851\" height=\"461\" src=\"https:\/\/simposioteologia.ups.edu.ec\/wp-content\/uploads\/sites\/14\/2024\/06\/imagen-4.png\" class=\"attachment-large size-large wp-image-1516\" alt=\"\" srcset=\"https:\/\/simposioteologia.ups.edu.ec\/wp-content\/uploads\/sites\/14\/2024\/06\/imagen-4.png 851w, https:\/\/simposioteologia.ups.edu.ec\/wp-content\/uploads\/sites\/14\/2024\/06\/imagen-4-300x163.png 300w, https:\/\/simposioteologia.ups.edu.ec\/wp-content\/uploads\/sites\/14\/2024\/06\/imagen-4-768x416.png 768w\" sizes=\"(max-width: 851px) 100vw, 851px\" \/>\t\t\t\t\t\t\t\t\t\t\t\t\t\t\t<\/div>\n\t\t\t\t<\/div>\n\t\t\t\t\t<\/div>\n\t\t\t\t<\/div>\n\t\t<div class=\"elementor-element elementor-element-059b69d e-flex e-con-boxed e-con e-parent\" data-id=\"059b69d\" data-element_type=\"container\" data-e-type=\"container\">\n\t\t\t\t\t<div class=\"e-con-inner\">\n\t\t\t\t<div class=\"elementor-element elementor-element-90c10a8 elementor-widget elementor-widget-image\" data-id=\"90c10a8\" data-element_type=\"widget\" data-e-type=\"widget\" data-widget_type=\"image.default\">\n\t\t\t\t<div class=\"elementor-widget-container\">\n\t\t\t\t\t\t\t\t\t\t\t\t\t\t\t<img loading=\"lazy\" decoding=\"async\" width=\"1024\" height=\"58\" src=\"https:\/\/simposioteologia.ups.edu.ec\/wp-content\/uploads\/sites\/14\/2024\/06\/mensaje-final-esasy-chaur_Mesa-de-trabajo-1-1024x58.png\" class=\"attachment-large size-large wp-image-1517\" alt=\"\" srcset=\"https:\/\/simposioteologia.ups.edu.ec\/wp-content\/uploads\/sites\/14\/2024\/06\/mensaje-final-esasy-chaur_Mesa-de-trabajo-1-1024x58.png 1024w, https:\/\/simposioteologia.ups.edu.ec\/wp-content\/uploads\/sites\/14\/2024\/06\/mensaje-final-esasy-chaur_Mesa-de-trabajo-1-300x17.png 300w, https:\/\/simposioteologia.ups.edu.ec\/wp-content\/uploads\/sites\/14\/2024\/06\/mensaje-final-esasy-chaur_Mesa-de-trabajo-1-768x43.png 768w, https:\/\/simposioteologia.ups.edu.ec\/wp-content\/uploads\/sites\/14\/2024\/06\/mensaje-final-esasy-chaur_Mesa-de-trabajo-1-1536x86.png 1536w, https:\/\/simposioteologia.ups.edu.ec\/wp-content\/uploads\/sites\/14\/2024\/06\/mensaje-final-esasy-chaur_Mesa-de-trabajo-1-2048x115.png 2048w\" sizes=\"(max-width: 1024px) 100vw, 1024px\" \/>\t\t\t\t\t\t\t\t\t\t\t\t\t\t\t<\/div>\n\t\t\t\t<\/div>\n\t\t\t\t\t<\/div>\n\t\t\t\t<\/div>\n\t\t\t\t<\/div>","protected":false},"excerpt":{"rendered":"<p>Si eres usuario de la plataforma ingresa tus credenciales, de no ser as\u00ed, dir\u00edgete a\u00a0crear una cuenta Cuando hayas creado tu cuenta incia sesi\u00f3n y dir\u00edgete a\u00a0Author\u00a0y da clic en\u00a0make a new submission Llena los datos, adjunta el documento con las especificaciones que se detallan en\u00a0Instrucciones para autores Una vez llenado todos los datos, adjunta&#8230;<\/p>","protected":false},"author":3,"featured_media":0,"parent":35,"menu_order":0,"comment_status":"closed","ping_status":"closed","template":"","meta":{"_kadence_starter_templates_imported_post":false,"_kad_post_transparent":"","_kad_post_title":"hide","_kad_post_layout":"fullwidth","_kad_post_sidebar_id":"","_kad_post_content_style":"unboxed","_kad_post_vertical_padding":"hide","_kad_post_feature":"hide","_kad_post_feature_position":"","_kad_post_header":false,"_kad_post_footer":false,"_kad_post_classname":"","footnotes":""},"class_list":["post-1264","page","type-page","status-publish","hentry"],"yoast_head":"<!-- This site is optimized with the Yoast SEO plugin v27.1.1 - https:\/\/yoast.com\/product\/yoast-seo-wordpress\/ -->\n<title>Plataforma para env\u00edo de trabajos - Desaf\u00edos \u00e9ticos, tecnocient\u00edficos y de la espiritualidad ecol\u00f3gica del siglo XXI<\/title>\n<meta name=\"robots\" content=\"index, follow, max-snippet:-1, max-image-preview:large, max-video-preview:-1\" \/>\n<link rel=\"canonical\" href=\"https:\/\/simposioteologia.ups.edu.ec\/en\/convocatoria\/plataforma-para-envio-de-trabajos\/\" \/>\n<meta property=\"og:locale\" content=\"en_US\" \/>\n<meta property=\"og:type\" content=\"article\" \/>\n<meta property=\"og:title\" content=\"Plataforma para env\u00edo de trabajos - Desaf\u00edos \u00e9ticos, tecnocient\u00edficos y de la espiritualidad ecol\u00f3gica del siglo XXI\" \/>\n<meta property=\"og:description\" content=\"Si eres usuario de la plataforma ingresa tus credenciales, de no ser as\u00ed, dir\u00edgete a\u00a0crear una cuenta Cuando hayas creado tu cuenta incia sesi\u00f3n y dir\u00edgete a\u00a0Author\u00a0y da clic en\u00a0make a new submission Llena los datos, adjunta el documento con las especificaciones que se detallan en\u00a0Instrucciones para autores Una vez llenado todos los datos, adjunta...\" \/>\n<meta property=\"og:url\" content=\"https:\/\/simposioteologia.ups.edu.ec\/en\/convocatoria\/plataforma-para-envio-de-trabajos\/\" \/>\n<meta property=\"og:site_name\" content=\"Desaf\u00edos \u00e9ticos, tecnocient\u00edficos y de la espiritualidad ecol\u00f3gica del siglo XXI\" \/>\n<meta property=\"article:modified_time\" content=\"2024-07-27T19:19:06+00:00\" \/>\n<meta property=\"og:image\" content=\"http:\/\/simposioteologia.ups.edu.ec\/wp-content\/uploads\/sites\/14\/2024\/06\/easy-chair_Mesa-de-trabajo-1.png\" \/>\n<meta name=\"twitter:card\" content=\"summary_large_image\" \/>\n<meta name=\"twitter:label1\" content=\"Est. reading time\" \/>\n\t<meta name=\"twitter:data1\" content=\"2 minutes\" \/>\n<script type=\"application\/ld+json\" class=\"yoast-schema-graph\">{\"@context\":\"https:\/\/schema.org\",\"@graph\":[{\"@type\":\"WebPage\",\"@id\":\"https:\/\/simposioteologia.ups.edu.ec\/convocatoria\/plataforma-para-envio-de-trabajos\/\",\"url\":\"https:\/\/simposioteologia.ups.edu.ec\/convocatoria\/plataforma-para-envio-de-trabajos\/\",\"name\":\"Plataforma para env\u00edo de trabajos - Desaf\u00edos \u00e9ticos, tecnocient\u00edficos y de la espiritualidad ecol\u00f3gica del siglo XXI\",\"isPartOf\":{\"@id\":\"https:\/\/simposioteologia.ups.edu.ec\/#website\"},\"primaryImageOfPage\":{\"@id\":\"https:\/\/simposioteologia.ups.edu.ec\/convocatoria\/plataforma-para-envio-de-trabajos\/#primaryimage\"},\"image\":{\"@id\":\"https:\/\/simposioteologia.ups.edu.ec\/convocatoria\/plataforma-para-envio-de-trabajos\/#primaryimage\"},\"thumbnailUrl\":\"http:\/\/simposioteologia.ups.edu.ec\/wp-content\/uploads\/sites\/14\/2024\/06\/easy-chair_Mesa-de-trabajo-1.png\",\"datePublished\":\"2024-06-12T22:07:25+00:00\",\"dateModified\":\"2024-07-27T19:19:06+00:00\",\"breadcrumb\":{\"@id\":\"https:\/\/simposioteologia.ups.edu.ec\/convocatoria\/plataforma-para-envio-de-trabajos\/#breadcrumb\"},\"inLanguage\":\"en-US\",\"potentialAction\":[{\"@type\":\"ReadAction\",\"target\":[\"https:\/\/simposioteologia.ups.edu.ec\/convocatoria\/plataforma-para-envio-de-trabajos\/\"]}]},{\"@type\":\"ImageObject\",\"inLanguage\":\"en-US\",\"@id\":\"https:\/\/simposioteologia.ups.edu.ec\/convocatoria\/plataforma-para-envio-de-trabajos\/#primaryimage\",\"url\":\"http:\/\/simposioteologia.ups.edu.ec\/wp-content\/uploads\/sites\/14\/2024\/06\/easy-chair_Mesa-de-trabajo-1.png\",\"contentUrl\":\"http:\/\/simposioteologia.ups.edu.ec\/wp-content\/uploads\/sites\/14\/2024\/06\/easy-chair_Mesa-de-trabajo-1.png\"},{\"@type\":\"BreadcrumbList\",\"@id\":\"https:\/\/simposioteologia.ups.edu.ec\/convocatoria\/plataforma-para-envio-de-trabajos\/#breadcrumb\",\"itemListElement\":[{\"@type\":\"ListItem\",\"position\":1,\"name\":\"Portada\",\"item\":\"https:\/\/simposioteologia.ups.edu.ec\/\"},{\"@type\":\"ListItem\",\"position\":2,\"name\":\"Convocatoria\",\"item\":\"https:\/\/simposioteologia.ups.edu.ec\/convocatoria\/\"},{\"@type\":\"ListItem\",\"position\":3,\"name\":\"Plataforma para env\u00edo de trabajos\"}]},{\"@type\":\"WebSite\",\"@id\":\"https:\/\/simposioteologia.ups.edu.ec\/#website\",\"url\":\"https:\/\/simposioteologia.ups.edu.ec\/\",\"name\":\"Desaf\u00edos \u00e9ticos, tecnocient\u00edficos y de la espiritualidad ecol\u00f3gica del siglo XXI\",\"description\":\"\",\"publisher\":{\"@id\":\"https:\/\/simposioteologia.ups.edu.ec\/#organization\"},\"potentialAction\":[{\"@type\":\"SearchAction\",\"target\":{\"@type\":\"EntryPoint\",\"urlTemplate\":\"https:\/\/simposioteologia.ups.edu.ec\/?s={search_term_string}\"},\"query-input\":{\"@type\":\"PropertyValueSpecification\",\"valueRequired\":true,\"valueName\":\"search_term_string\"}}],\"inLanguage\":\"en-US\"},{\"@type\":\"Organization\",\"@id\":\"https:\/\/simposioteologia.ups.edu.ec\/#organization\",\"name\":\"Desaf\u00edos \u00e9ticos, tecnocient\u00edficos y de la espiritualidad ecol\u00f3gica del siglo XXI\",\"url\":\"https:\/\/simposioteologia.ups.edu.ec\/\",\"logo\":{\"@type\":\"ImageObject\",\"inLanguage\":\"en-US\",\"@id\":\"https:\/\/simposioteologia.ups.edu.ec\/#\/schema\/logo\/image\/\",\"url\":\"https:\/\/simposioteologia.ups.edu.ec\/wp-content\/uploads\/sites\/14\/2024\/06\/cropped-LOGO-UPS-30-ANOS-COLOR.png\",\"contentUrl\":\"https:\/\/simposioteologia.ups.edu.ec\/wp-content\/uploads\/sites\/14\/2024\/06\/cropped-LOGO-UPS-30-ANOS-COLOR.png\",\"width\":2174,\"height\":430,\"caption\":\"Desaf\u00edos \u00e9ticos, tecnocient\u00edficos y de la espiritualidad ecol\u00f3gica del siglo XXI\"},\"image\":{\"@id\":\"https:\/\/simposioteologia.ups.edu.ec\/#\/schema\/logo\/image\/\"}}]}<\/script>\n<!-- \/ Yoast SEO plugin. -->","yoast_head_json":{"title":"Plataforma para env\u00edo de trabajos - Desaf\u00edos \u00e9ticos, tecnocient\u00edficos y de la espiritualidad ecol\u00f3gica del siglo XXI","robots":{"index":"index","follow":"follow","max-snippet":"max-snippet:-1","max-image-preview":"max-image-preview:large","max-video-preview":"max-video-preview:-1"},"canonical":"https:\/\/simposioteologia.ups.edu.ec\/en\/convocatoria\/plataforma-para-envio-de-trabajos\/","og_locale":"en_US","og_type":"article","og_title":"Plataforma para env\u00edo de trabajos - Desaf\u00edos \u00e9ticos, tecnocient\u00edficos y de la espiritualidad ecol\u00f3gica del siglo XXI","og_description":"Si eres usuario de la plataforma ingresa tus credenciales, de no ser as\u00ed, dir\u00edgete a\u00a0crear una cuenta Cuando hayas creado tu cuenta incia sesi\u00f3n y dir\u00edgete a\u00a0Author\u00a0y da clic en\u00a0make a new submission Llena los datos, adjunta el documento con las especificaciones que se detallan en\u00a0Instrucciones para autores Una vez llenado todos los datos, adjunta...","og_url":"https:\/\/simposioteologia.ups.edu.ec\/en\/convocatoria\/plataforma-para-envio-de-trabajos\/","og_site_name":"Desaf\u00edos \u00e9ticos, tecnocient\u00edficos y de la espiritualidad ecol\u00f3gica del siglo XXI","article_modified_time":"2024-07-27T19:19:06+00:00","og_image":[{"url":"http:\/\/simposioteologia.ups.edu.ec\/wp-content\/uploads\/sites\/14\/2024\/06\/easy-chair_Mesa-de-trabajo-1.png","type":"","width":"","height":""}],"twitter_card":"summary_large_image","twitter_misc":{"Est. reading time":"2 minutes"},"schema":{"@context":"https:\/\/schema.org","@graph":[{"@type":"WebPage","@id":"https:\/\/simposioteologia.ups.edu.ec\/convocatoria\/plataforma-para-envio-de-trabajos\/","url":"https:\/\/simposioteologia.ups.edu.ec\/convocatoria\/plataforma-para-envio-de-trabajos\/","name":"Plataforma para env\u00edo de trabajos - Desaf\u00edos \u00e9ticos, tecnocient\u00edficos y de la espiritualidad ecol\u00f3gica del siglo XXI","isPartOf":{"@id":"https:\/\/simposioteologia.ups.edu.ec\/#website"},"primaryImageOfPage":{"@id":"https:\/\/simposioteologia.ups.edu.ec\/convocatoria\/plataforma-para-envio-de-trabajos\/#primaryimage"},"image":{"@id":"https:\/\/simposioteologia.ups.edu.ec\/convocatoria\/plataforma-para-envio-de-trabajos\/#primaryimage"},"thumbnailUrl":"http:\/\/simposioteologia.ups.edu.ec\/wp-content\/uploads\/sites\/14\/2024\/06\/easy-chair_Mesa-de-trabajo-1.png","datePublished":"2024-06-12T22:07:25+00:00","dateModified":"2024-07-27T19:19:06+00:00","breadcrumb":{"@id":"https:\/\/simposioteologia.ups.edu.ec\/convocatoria\/plataforma-para-envio-de-trabajos\/#breadcrumb"},"inLanguage":"en-US","potentialAction":[{"@type":"ReadAction","target":["https:\/\/simposioteologia.ups.edu.ec\/convocatoria\/plataforma-para-envio-de-trabajos\/"]}]},{"@type":"ImageObject","inLanguage":"en-US","@id":"https:\/\/simposioteologia.ups.edu.ec\/convocatoria\/plataforma-para-envio-de-trabajos\/#primaryimage","url":"http:\/\/simposioteologia.ups.edu.ec\/wp-content\/uploads\/sites\/14\/2024\/06\/easy-chair_Mesa-de-trabajo-1.png","contentUrl":"http:\/\/simposioteologia.ups.edu.ec\/wp-content\/uploads\/sites\/14\/2024\/06\/easy-chair_Mesa-de-trabajo-1.png"},{"@type":"BreadcrumbList","@id":"https:\/\/simposioteologia.ups.edu.ec\/convocatoria\/plataforma-para-envio-de-trabajos\/#breadcrumb","itemListElement":[{"@type":"ListItem","position":1,"name":"Portada","item":"https:\/\/simposioteologia.ups.edu.ec\/"},{"@type":"ListItem","position":2,"name":"Convocatoria","item":"https:\/\/simposioteologia.ups.edu.ec\/convocatoria\/"},{"@type":"ListItem","position":3,"name":"Plataforma para env\u00edo de trabajos"}]},{"@type":"WebSite","@id":"https:\/\/simposioteologia.ups.edu.ec\/#website","url":"https:\/\/simposioteologia.ups.edu.ec\/","name":"Desaf\u00edos \u00e9ticos, tecnocient\u00edficos y de la espiritualidad ecol\u00f3gica del siglo XXI","description":"","publisher":{"@id":"https:\/\/simposioteologia.ups.edu.ec\/#organization"},"potentialAction":[{"@type":"SearchAction","target":{"@type":"EntryPoint","urlTemplate":"https:\/\/simposioteologia.ups.edu.ec\/?s={search_term_string}"},"query-input":{"@type":"PropertyValueSpecification","valueRequired":true,"valueName":"search_term_string"}}],"inLanguage":"en-US"},{"@type":"Organization","@id":"https:\/\/simposioteologia.ups.edu.ec\/#organization","name":"Desaf\u00edos \u00e9ticos, tecnocient\u00edficos y de la espiritualidad ecol\u00f3gica del siglo XXI","url":"https:\/\/simposioteologia.ups.edu.ec\/","logo":{"@type":"ImageObject","inLanguage":"en-US","@id":"https:\/\/simposioteologia.ups.edu.ec\/#\/schema\/logo\/image\/","url":"https:\/\/simposioteologia.ups.edu.ec\/wp-content\/uploads\/sites\/14\/2024\/06\/cropped-LOGO-UPS-30-ANOS-COLOR.png","contentUrl":"https:\/\/simposioteologia.ups.edu.ec\/wp-content\/uploads\/sites\/14\/2024\/06\/cropped-LOGO-UPS-30-ANOS-COLOR.png","width":2174,"height":430,"caption":"Desaf\u00edos \u00e9ticos, tecnocient\u00edficos y de la espiritualidad ecol\u00f3gica del siglo XXI"},"image":{"@id":"https:\/\/simposioteologia.ups.edu.ec\/#\/schema\/logo\/image\/"}}]}},"_links":{"self":[{"href":"https:\/\/simposioteologia.ups.edu.ec\/en\/wp-json\/wp\/v2\/pages\/1264","targetHints":{"allow":["GET"]}}],"collection":[{"href":"https:\/\/simposioteologia.ups.edu.ec\/en\/wp-json\/wp\/v2\/pages"}],"about":[{"href":"https:\/\/simposioteologia.ups.edu.ec\/en\/wp-json\/wp\/v2\/types\/page"}],"author":[{"embeddable":true,"href":"https:\/\/simposioteologia.ups.edu.ec\/en\/wp-json\/wp\/v2\/users\/3"}],"replies":[{"embeddable":true,"href":"https:\/\/simposioteologia.ups.edu.ec\/en\/wp-json\/wp\/v2\/comments?post=1264"}],"version-history":[{"count":10,"href":"https:\/\/simposioteologia.ups.edu.ec\/en\/wp-json\/wp\/v2\/pages\/1264\/revisions"}],"predecessor-version":[{"id":1630,"href":"https:\/\/simposioteologia.ups.edu.ec\/en\/wp-json\/wp\/v2\/pages\/1264\/revisions\/1630"}],"up":[{"embeddable":true,"href":"https:\/\/simposioteologia.ups.edu.ec\/en\/wp-json\/wp\/v2\/pages\/35"}],"wp:attachment":[{"href":"https:\/\/simposioteologia.ups.edu.ec\/en\/wp-json\/wp\/v2\/media?parent=1264"}],"curies":[{"name":"wp","href":"https:\/\/api.w.org\/{rel}","templated":true}]}}