{"id":1265,"date":"2024-06-12T17:07:56","date_gmt":"2024-06-12T22:07:56","guid":{"rendered":"https:\/\/simposioteologia.ups.edu.ec\/?page_id=1265"},"modified":"2024-06-20T09:09:02","modified_gmt":"2024-06-20T14:09:02","slug":"instrucciones-para-autores","status":"publish","type":"page","link":"https:\/\/simposioteologia.ups.edu.ec\/en\/convocatoria\/instrucciones-para-autores\/","title":{"rendered":"Instrucciones para autores"},"content":{"rendered":"<div data-elementor-type=\"wp-page\" data-elementor-id=\"1265\" class=\"elementor elementor-1265\">\n\t\t\t\t<div class=\"elementor-element elementor-element-767987b7 e-flex e-con-boxed e-con e-parent\" data-id=\"767987b7\" data-element_type=\"container\" data-e-type=\"container\">\n\t\t\t\t\t<div class=\"e-con-inner\">\n\t\t\t\t<div class=\"elementor-element elementor-element-263d2081 elementor-widget elementor-widget-text-editor\" data-id=\"263d2081\" data-element_type=\"widget\" data-e-type=\"widget\" data-widget_type=\"text-editor.default\">\n\t\t\t\t<div class=\"elementor-widget-container\">\n\t\t\t\t\t\t\t\t\t<p><\/p>\n<p style=\"margin-bottom: var(--global-md-spacing);color: #6e747c;font-family: Telex, sans-serif;font-size: 16px\"><span style=\"color: #000000\">El II Simposio Internacional de Teolog\u00eda acepta ponencias originales, in\u00e9ditas y que sean resultado de investigaciones concluidas o en curso.<\/span><\/p>\n<p style=\"margin-bottom: var(--global-md-spacing);color: #6e747c;font-family: Telex, sans-serif;font-size: 16px\"><span style=\"color: #000000\">Las ponencias deber\u00e1n enmarcarse entorno a la tem\u00e1tica:\u00a0<strong>Desaf\u00edos \u00e9ticos y tecnocient\u00edficos y de la espiritualidad ecol\u00f3gica del siglo xxi.<\/strong>\u00a0Espec\u00edficamente, las ponencias deber\u00e1n relacionarse con alguno de los siguientes ejes tem\u00e1ticos:<\/span><\/p>\n<ul>\n<li style=\"color: #6e747c;font-family: Telex, sans-serif;font-size: 16px\"><span style=\"color: #000000\">Teolog\u00eda y \u00c9tica<\/span><\/li>\n<li style=\"color: #6e747c;font-family: Telex, sans-serif;font-size: 16px\"><span style=\"color: #000000\">Teolog\u00eda y Ecolog\u00eda\u00a0<\/span><\/li>\n<li style=\"color: #6e747c;font-family: Telex, sans-serif;font-size: 16px\"><span style=\"color: #000000\">Teolog\u00eda y Tecnociencia<\/span><\/li>\n<\/ul>\n<p style=\"margin-bottom: var(--global-md-spacing);color: #6e747c;font-family: Telex, sans-serif;font-size: 16px\"><span style=\"color: #000000\">Los autores deben presentar sus trabajos en documento de Microsoft Word (doc o .docx). Las citas y referencias deben ajustarse, exclusivamente, al\u00a0<a href=\"https:\/\/normas-apa.org\/wp-content\/uploads\/Guia-Normas-APA-7ma-edicion.pdf\">formato APA, en su s\u00e9ptima edici\u00f3n.<\/a><\/span><\/p>\n<div>\n<p><\/p>\n<\/div>\n<p><!-- \/wp:buttons --><\/p>\t\t\t\t\t\t\t\t<\/div>\n\t\t\t\t<\/div>\n\t\t\t\t\t<\/div>\n\t\t\t\t<\/div>\n\t\t<div class=\"elementor-element elementor-element-4b7b5c8 e-flex e-con-boxed e-con e-parent\" data-id=\"4b7b5c8\" data-element_type=\"container\" data-e-type=\"container\">\n\t\t\t\t\t<div class=\"e-con-inner\">\n\t\t\t\t<div class=\"elementor-element elementor-element-6e04685 elementor-widget elementor-widget-image\" data-id=\"6e04685\" data-element_type=\"widget\" data-e-type=\"widget\" data-widget_type=\"image.default\">\n\t\t\t\t<div class=\"elementor-widget-container\">\n\t\t\t\t\t\t\t\t\t\t\t\t\t\t\t\t<a href=\"https:\/\/drive.google.com\/file\/d\/1nzLWyGGzwkq6o9m_BtF9xjuJXRFFZXqE\/view?usp=sharing\">\n\t\t\t\t\t\t\t<img decoding=\"async\" src=\"https:\/\/simposioteologia.ups.edu.ec\/wp-content\/uploads\/sites\/14\/2024\/06\/Descargar-Instructivo-para-autrores_Mesa-de-trabajo-1.png\" title=\"Descargar Instructivo para autrores_Mesa de trabajo 1\" alt=\"Descargar Instructivo para autrores_Mesa de trabajo 1\" loading=\"lazy\" \/>\t\t\t\t\t\t\t\t<\/a>\n\t\t\t\t\t\t\t\t\t\t\t\t\t\t\t<\/div>\n\t\t\t\t<\/div>\n\t\t\t\t\t<\/div>\n\t\t\t\t<\/div>\n\t\t\t\t<\/div>","protected":false},"excerpt":{"rendered":"<p>El II Simposio Internacional de Teolog\u00eda acepta ponencias originales, in\u00e9ditas y que sean resultado de investigaciones concluidas o en curso. Las ponencias deber\u00e1n enmarcarse entorno a la tem\u00e1tica:\u00a0Desaf\u00edos \u00e9ticos y tecnocient\u00edficos y de la espiritualidad ecol\u00f3gica del siglo xxi.\u00a0Espec\u00edficamente, las ponencias deber\u00e1n relacionarse con alguno de los siguientes ejes tem\u00e1ticos: Teolog\u00eda y \u00c9tica Teolog\u00eda y&#8230;<\/p>","protected":false},"author":3,"featured_media":0,"parent":35,"menu_order":0,"comment_status":"closed","ping_status":"closed","template":"","meta":{"_kadence_starter_templates_imported_post":false,"_kad_post_transparent":"","_kad_post_title":"","_kad_post_layout":"","_kad_post_sidebar_id":"","_kad_post_content_style":"","_kad_post_vertical_padding":"","_kad_post_feature":"","_kad_post_feature_position":"","_kad_post_header":false,"_kad_post_footer":false,"_kad_post_classname":"","footnotes":""},"class_list":["post-1265","page","type-page","status-publish","hentry"],"yoast_head":"<!-- This site is optimized with the Yoast SEO plugin v27.1.1 - https:\/\/yoast.com\/product\/yoast-seo-wordpress\/ -->\n<title>Instrucciones para autores - Desaf\u00edos \u00e9ticos, tecnocient\u00edficos y de la espiritualidad ecol\u00f3gica del siglo XXI<\/title>\n<meta name=\"robots\" content=\"index, follow, max-snippet:-1, max-image-preview:large, max-video-preview:-1\" \/>\n<link rel=\"canonical\" href=\"https:\/\/simposioteologia.ups.edu.ec\/en\/convocatoria\/instrucciones-para-autores\/\" \/>\n<meta property=\"og:locale\" content=\"en_US\" \/>\n<meta property=\"og:type\" content=\"article\" \/>\n<meta property=\"og:title\" content=\"Instrucciones para autores - Desaf\u00edos \u00e9ticos, tecnocient\u00edficos y de la espiritualidad ecol\u00f3gica del siglo XXI\" \/>\n<meta property=\"og:description\" content=\"El II Simposio Internacional de Teolog\u00eda acepta ponencias originales, in\u00e9ditas y que sean resultado de investigaciones concluidas o en curso. Las ponencias deber\u00e1n enmarcarse entorno a la tem\u00e1tica:\u00a0Desaf\u00edos \u00e9ticos y tecnocient\u00edficos y de la espiritualidad ecol\u00f3gica del siglo xxi.\u00a0Espec\u00edficamente, las ponencias deber\u00e1n relacionarse con alguno de los siguientes ejes tem\u00e1ticos: Teolog\u00eda y \u00c9tica Teolog\u00eda y...\" \/>\n<meta property=\"og:url\" content=\"https:\/\/simposioteologia.ups.edu.ec\/en\/convocatoria\/instrucciones-para-autores\/\" \/>\n<meta property=\"og:site_name\" content=\"Desaf\u00edos \u00e9ticos, tecnocient\u00edficos y de la espiritualidad ecol\u00f3gica del siglo XXI\" \/>\n<meta property=\"article:modified_time\" content=\"2024-06-20T14:09:02+00:00\" \/>\n<meta property=\"og:image\" content=\"http:\/\/simposioteologia.ups.edu.ec\/wp-content\/uploads\/sites\/14\/2024\/06\/Descargar-Instructivo-para-autrores_Mesa-de-trabajo-1.png\" \/>\n<meta name=\"twitter:card\" content=\"summary_large_image\" \/>\n<meta name=\"twitter:label1\" content=\"Est. reading time\" \/>\n\t<meta name=\"twitter:data1\" content=\"1 minute\" \/>\n<script type=\"application\/ld+json\" class=\"yoast-schema-graph\">{\"@context\":\"https:\/\/schema.org\",\"@graph\":[{\"@type\":\"WebPage\",\"@id\":\"https:\/\/simposioteologia.ups.edu.ec\/convocatoria\/instrucciones-para-autores\/\",\"url\":\"https:\/\/simposioteologia.ups.edu.ec\/convocatoria\/instrucciones-para-autores\/\",\"name\":\"Instrucciones para autores - Desaf\u00edos \u00e9ticos, tecnocient\u00edficos y de la espiritualidad ecol\u00f3gica del siglo XXI\",\"isPartOf\":{\"@id\":\"https:\/\/simposioteologia.ups.edu.ec\/#website\"},\"primaryImageOfPage\":{\"@id\":\"https:\/\/simposioteologia.ups.edu.ec\/convocatoria\/instrucciones-para-autores\/#primaryimage\"},\"image\":{\"@id\":\"https:\/\/simposioteologia.ups.edu.ec\/convocatoria\/instrucciones-para-autores\/#primaryimage\"},\"thumbnailUrl\":\"http:\/\/simposioteologia.ups.edu.ec\/wp-content\/uploads\/sites\/14\/2024\/06\/Descargar-Instructivo-para-autrores_Mesa-de-trabajo-1.png\",\"datePublished\":\"2024-06-12T22:07:56+00:00\",\"dateModified\":\"2024-06-20T14:09:02+00:00\",\"breadcrumb\":{\"@id\":\"https:\/\/simposioteologia.ups.edu.ec\/convocatoria\/instrucciones-para-autores\/#breadcrumb\"},\"inLanguage\":\"en-US\",\"potentialAction\":[{\"@type\":\"ReadAction\",\"target\":[\"https:\/\/simposioteologia.ups.edu.ec\/convocatoria\/instrucciones-para-autores\/\"]}]},{\"@type\":\"ImageObject\",\"inLanguage\":\"en-US\",\"@id\":\"https:\/\/simposioteologia.ups.edu.ec\/convocatoria\/instrucciones-para-autores\/#primaryimage\",\"url\":\"http:\/\/simposioteologia.ups.edu.ec\/wp-content\/uploads\/sites\/14\/2024\/06\/Descargar-Instructivo-para-autrores_Mesa-de-trabajo-1.png\",\"contentUrl\":\"http:\/\/simposioteologia.ups.edu.ec\/wp-content\/uploads\/sites\/14\/2024\/06\/Descargar-Instructivo-para-autrores_Mesa-de-trabajo-1.png\"},{\"@type\":\"BreadcrumbList\",\"@id\":\"https:\/\/simposioteologia.ups.edu.ec\/convocatoria\/instrucciones-para-autores\/#breadcrumb\",\"itemListElement\":[{\"@type\":\"ListItem\",\"position\":1,\"name\":\"Portada\",\"item\":\"https:\/\/simposioteologia.ups.edu.ec\/\"},{\"@type\":\"ListItem\",\"position\":2,\"name\":\"Convocatoria\",\"item\":\"https:\/\/simposioteologia.ups.edu.ec\/convocatoria\/\"},{\"@type\":\"ListItem\",\"position\":3,\"name\":\"Instrucciones para autores\"}]},{\"@type\":\"WebSite\",\"@id\":\"https:\/\/simposioteologia.ups.edu.ec\/#website\",\"url\":\"https:\/\/simposioteologia.ups.edu.ec\/\",\"name\":\"Desaf\u00edos \u00e9ticos, tecnocient\u00edficos y de la espiritualidad ecol\u00f3gica del siglo XXI\",\"description\":\"\",\"publisher\":{\"@id\":\"https:\/\/simposioteologia.ups.edu.ec\/#organization\"},\"potentialAction\":[{\"@type\":\"SearchAction\",\"target\":{\"@type\":\"EntryPoint\",\"urlTemplate\":\"https:\/\/simposioteologia.ups.edu.ec\/?s={search_term_string}\"},\"query-input\":{\"@type\":\"PropertyValueSpecification\",\"valueRequired\":true,\"valueName\":\"search_term_string\"}}],\"inLanguage\":\"en-US\"},{\"@type\":\"Organization\",\"@id\":\"https:\/\/simposioteologia.ups.edu.ec\/#organization\",\"name\":\"Desaf\u00edos \u00e9ticos, tecnocient\u00edficos y de la espiritualidad ecol\u00f3gica del siglo XXI\",\"url\":\"https:\/\/simposioteologia.ups.edu.ec\/\",\"logo\":{\"@type\":\"ImageObject\",\"inLanguage\":\"en-US\",\"@id\":\"https:\/\/simposioteologia.ups.edu.ec\/#\/schema\/logo\/image\/\",\"url\":\"https:\/\/simposioteologia.ups.edu.ec\/wp-content\/uploads\/sites\/14\/2024\/06\/cropped-LOGO-UPS-30-ANOS-COLOR.png\",\"contentUrl\":\"https:\/\/simposioteologia.ups.edu.ec\/wp-content\/uploads\/sites\/14\/2024\/06\/cropped-LOGO-UPS-30-ANOS-COLOR.png\",\"width\":2174,\"height\":430,\"caption\":\"Desaf\u00edos \u00e9ticos, tecnocient\u00edficos y de la espiritualidad ecol\u00f3gica del siglo XXI\"},\"image\":{\"@id\":\"https:\/\/simposioteologia.ups.edu.ec\/#\/schema\/logo\/image\/\"}}]}<\/script>\n<!-- \/ Yoast SEO plugin. -->","yoast_head_json":{"title":"Instrucciones para autores - Desaf\u00edos \u00e9ticos, tecnocient\u00edficos y de la espiritualidad ecol\u00f3gica del siglo XXI","robots":{"index":"index","follow":"follow","max-snippet":"max-snippet:-1","max-image-preview":"max-image-preview:large","max-video-preview":"max-video-preview:-1"},"canonical":"https:\/\/simposioteologia.ups.edu.ec\/en\/convocatoria\/instrucciones-para-autores\/","og_locale":"en_US","og_type":"article","og_title":"Instrucciones para autores - Desaf\u00edos \u00e9ticos, tecnocient\u00edficos y de la espiritualidad ecol\u00f3gica del siglo XXI","og_description":"El II Simposio Internacional de Teolog\u00eda acepta ponencias originales, in\u00e9ditas y que sean resultado de investigaciones concluidas o en curso. Las ponencias deber\u00e1n enmarcarse entorno a la tem\u00e1tica:\u00a0Desaf\u00edos \u00e9ticos y tecnocient\u00edficos y de la espiritualidad ecol\u00f3gica del siglo xxi.\u00a0Espec\u00edficamente, las ponencias deber\u00e1n relacionarse con alguno de los siguientes ejes tem\u00e1ticos: Teolog\u00eda y \u00c9tica Teolog\u00eda y...","og_url":"https:\/\/simposioteologia.ups.edu.ec\/en\/convocatoria\/instrucciones-para-autores\/","og_site_name":"Desaf\u00edos \u00e9ticos, tecnocient\u00edficos y de la espiritualidad ecol\u00f3gica del siglo XXI","article_modified_time":"2024-06-20T14:09:02+00:00","og_image":[{"url":"http:\/\/simposioteologia.ups.edu.ec\/wp-content\/uploads\/sites\/14\/2024\/06\/Descargar-Instructivo-para-autrores_Mesa-de-trabajo-1.png","type":"","width":"","height":""}],"twitter_card":"summary_large_image","twitter_misc":{"Est. reading time":"1 minute"},"schema":{"@context":"https:\/\/schema.org","@graph":[{"@type":"WebPage","@id":"https:\/\/simposioteologia.ups.edu.ec\/convocatoria\/instrucciones-para-autores\/","url":"https:\/\/simposioteologia.ups.edu.ec\/convocatoria\/instrucciones-para-autores\/","name":"Instrucciones para autores - Desaf\u00edos \u00e9ticos, tecnocient\u00edficos y de la espiritualidad ecol\u00f3gica del siglo XXI","isPartOf":{"@id":"https:\/\/simposioteologia.ups.edu.ec\/#website"},"primaryImageOfPage":{"@id":"https:\/\/simposioteologia.ups.edu.ec\/convocatoria\/instrucciones-para-autores\/#primaryimage"},"image":{"@id":"https:\/\/simposioteologia.ups.edu.ec\/convocatoria\/instrucciones-para-autores\/#primaryimage"},"thumbnailUrl":"http:\/\/simposioteologia.ups.edu.ec\/wp-content\/uploads\/sites\/14\/2024\/06\/Descargar-Instructivo-para-autrores_Mesa-de-trabajo-1.png","datePublished":"2024-06-12T22:07:56+00:00","dateModified":"2024-06-20T14:09:02+00:00","breadcrumb":{"@id":"https:\/\/simposioteologia.ups.edu.ec\/convocatoria\/instrucciones-para-autores\/#breadcrumb"},"inLanguage":"en-US","potentialAction":[{"@type":"ReadAction","target":["https:\/\/simposioteologia.ups.edu.ec\/convocatoria\/instrucciones-para-autores\/"]}]},{"@type":"ImageObject","inLanguage":"en-US","@id":"https:\/\/simposioteologia.ups.edu.ec\/convocatoria\/instrucciones-para-autores\/#primaryimage","url":"http:\/\/simposioteologia.ups.edu.ec\/wp-content\/uploads\/sites\/14\/2024\/06\/Descargar-Instructivo-para-autrores_Mesa-de-trabajo-1.png","contentUrl":"http:\/\/simposioteologia.ups.edu.ec\/wp-content\/uploads\/sites\/14\/2024\/06\/Descargar-Instructivo-para-autrores_Mesa-de-trabajo-1.png"},{"@type":"BreadcrumbList","@id":"https:\/\/simposioteologia.ups.edu.ec\/convocatoria\/instrucciones-para-autores\/#breadcrumb","itemListElement":[{"@type":"ListItem","position":1,"name":"Portada","item":"https:\/\/simposioteologia.ups.edu.ec\/"},{"@type":"ListItem","position":2,"name":"Convocatoria","item":"https:\/\/simposioteologia.ups.edu.ec\/convocatoria\/"},{"@type":"ListItem","position":3,"name":"Instrucciones para autores"}]},{"@type":"WebSite","@id":"https:\/\/simposioteologia.ups.edu.ec\/#website","url":"https:\/\/simposioteologia.ups.edu.ec\/","name":"Desaf\u00edos \u00e9ticos, tecnocient\u00edficos y de la espiritualidad ecol\u00f3gica del siglo XXI","description":"","publisher":{"@id":"https:\/\/simposioteologia.ups.edu.ec\/#organization"},"potentialAction":[{"@type":"SearchAction","target":{"@type":"EntryPoint","urlTemplate":"https:\/\/simposioteologia.ups.edu.ec\/?s={search_term_string}"},"query-input":{"@type":"PropertyValueSpecification","valueRequired":true,"valueName":"search_term_string"}}],"inLanguage":"en-US"},{"@type":"Organization","@id":"https:\/\/simposioteologia.ups.edu.ec\/#organization","name":"Desaf\u00edos \u00e9ticos, tecnocient\u00edficos y de la espiritualidad ecol\u00f3gica del siglo XXI","url":"https:\/\/simposioteologia.ups.edu.ec\/","logo":{"@type":"ImageObject","inLanguage":"en-US","@id":"https:\/\/simposioteologia.ups.edu.ec\/#\/schema\/logo\/image\/","url":"https:\/\/simposioteologia.ups.edu.ec\/wp-content\/uploads\/sites\/14\/2024\/06\/cropped-LOGO-UPS-30-ANOS-COLOR.png","contentUrl":"https:\/\/simposioteologia.ups.edu.ec\/wp-content\/uploads\/sites\/14\/2024\/06\/cropped-LOGO-UPS-30-ANOS-COLOR.png","width":2174,"height":430,"caption":"Desaf\u00edos \u00e9ticos, tecnocient\u00edficos y de la espiritualidad ecol\u00f3gica del siglo XXI"},"image":{"@id":"https:\/\/simposioteologia.ups.edu.ec\/#\/schema\/logo\/image\/"}}]}},"_links":{"self":[{"href":"https:\/\/simposioteologia.ups.edu.ec\/en\/wp-json\/wp\/v2\/pages\/1265","targetHints":{"allow":["GET"]}}],"collection":[{"href":"https:\/\/simposioteologia.ups.edu.ec\/en\/wp-json\/wp\/v2\/pages"}],"about":[{"href":"https:\/\/simposioteologia.ups.edu.ec\/en\/wp-json\/wp\/v2\/types\/page"}],"author":[{"embeddable":true,"href":"https:\/\/simposioteologia.ups.edu.ec\/en\/wp-json\/wp\/v2\/users\/3"}],"replies":[{"embeddable":true,"href":"https:\/\/simposioteologia.ups.edu.ec\/en\/wp-json\/wp\/v2\/comments?post=1265"}],"version-history":[{"count":18,"href":"https:\/\/simposioteologia.ups.edu.ec\/en\/wp-json\/wp\/v2\/pages\/1265\/revisions"}],"predecessor-version":[{"id":1460,"href":"https:\/\/simposioteologia.ups.edu.ec\/en\/wp-json\/wp\/v2\/pages\/1265\/revisions\/1460"}],"up":[{"embeddable":true,"href":"https:\/\/simposioteologia.ups.edu.ec\/en\/wp-json\/wp\/v2\/pages\/35"}],"wp:attachment":[{"href":"https:\/\/simposioteologia.ups.edu.ec\/en\/wp-json\/wp\/v2\/media?parent=1265"}],"curies":[{"name":"wp","href":"https:\/\/api.w.org\/{rel}","templated":true}]}}